{"id":1144,"date":"2023-11-23T11:19:37","date_gmt":"2023-11-23T14:19:37","guid":{"rendered":"https:\/\/cientificaaxon.com\/?post_type=product&#038;p=1144"},"modified":"2024-01-15T17:34:00","modified_gmt":"2024-01-15T20:34:00","slug":"fibra-abrasiva-3m-no96-x-20mt","status":"publish","type":"product","link":"https:\/\/cientificaaxon.com\/index.php\/producto\/fibra-abrasiva-3m-no96-x-20mt\/","title":{"rendered":"Fibra Abrasiva 3M N\u00ba96 x 20Mt"},"content":{"rendered":"<p>La fibra de mano Scotch-Brite\u2122 96, 96-20 y 96CC son fibras de uso mediano hechas de fibras, minerales y resina de alta calidad. Est\u00e1n dise\u00f1as para ser utilizadas para la limpieza diaria de la mayor\u00eda de los utensilios de cocina y equipos.<\/p>\n<p><strong>Caracter\u00edsticas especiales<\/strong><br \/>\nFibras sint\u00e9ticas de alta calidad que no se oxidan y resistentes que proporcionan durabilidad.<br \/>\n\u2022 Minerales abrasivos seleccionados para proporcionar una<br \/>\nlimpieza superior para trabajos de limpieza comunes.<br \/>\n\u2022 Part\u00edculas minerales abrasivas distribuidas uniformemente por<br \/>\ntoda la fibra para ayudar a garantizar un rendimiento eficaz,<br \/>\nconsistente y duradero durante toda la vida \u00fatil de la misma.<br \/>\n\u2022 Sistema de resina de uni\u00f3n de alta calidad dise\u00f1ado para<br \/>\nproporcionar resistencia a la degradaci\u00f3n con la exposici\u00f3n a<br \/>\nagua caliente, detergentes y l\u00edquidos de limpieza normales.<\/p>\n<p>Aplicaciones<br \/>\n-Prueba en un \u00e1rea poco visible antes de usar.<br \/>\n-Se utiliza para limpiar utensilios de cocina y equipos de cocina, superficies de cocina, pisos, escaleras, paredes, barandillas, escritorios, topes y equipos de mantenimiento.<\/p>\n","protected":false},"excerpt":{"rendered":"<p>La fibra de mano Scotch-Brite\u2122 96, 96-20 y 96CC son fibras de uso mediano hechas de fibras, minerales y resina de alta calidad. Est\u00e1n dise\u00f1as para ser utilizadas para la limpieza diaria de la mayor\u00eda de los utensilios de cocina y equipos. Caracter\u00edsticas especiales Fibras sint\u00e9ticas de alta calidad que no se oxidan y resistentes [&hellip;]<\/p>\n","protected":false},"featured_media":1145,"template":"","meta":{"_joinchat":[]},"product_brand":[],"product_cat":[209,264,115],"product_tag":[265,266],"class_list":{"0":"post-1144","1":"product","2":"type-product","3":"status-publish","4":"has-post-thumbnail","6":"product_cat-discos-scotch-brite","7":"product_cat-esponjas-y-fibras","8":"product_cat-insumos-vs","9":"product_tag-esponja","10":"product_tag-fibra","12":"first","13":"instock","14":"shipping-taxable","15":"product-type-simple"},"_links":{"self":[{"href":"https:\/\/cientificaaxon.com\/index.php\/wp-json\/wp\/v2\/product\/1144","targetHints":{"allow":["GET"]}}],"collection":[{"href":"https:\/\/cientificaaxon.com\/index.php\/wp-json\/wp\/v2\/product"}],"about":[{"href":"https:\/\/cientificaaxon.com\/index.php\/wp-json\/wp\/v2\/types\/product"}],"version-history":[{"count":1,"href":"https:\/\/cientificaaxon.com\/index.php\/wp-json\/wp\/v2\/product\/1144\/revisions"}],"predecessor-version":[{"id":1581,"href":"https:\/\/cientificaaxon.com\/index.php\/wp-json\/wp\/v2\/product\/1144\/revisions\/1581"}],"wp:featuredmedia":[{"embeddable":true,"href":"https:\/\/cientificaaxon.com\/index.php\/wp-json\/wp\/v2\/media\/1145"}],"wp:attachment":[{"href":"https:\/\/cientificaaxon.com\/index.php\/wp-json\/wp\/v2\/media?parent=1144"}],"wp:term":[{"taxonomy":"product_brand","embeddable":true,"href":"https:\/\/cientificaaxon.com\/index.php\/wp-json\/wp\/v2\/product_brand?post=1144"},{"taxonomy":"product_cat","embeddable":true,"href":"https:\/\/cientificaaxon.com\/index.php\/wp-json\/wp\/v2\/product_cat?post=1144"},{"taxonomy":"product_tag","embeddable":true,"href":"https:\/\/cientificaaxon.com\/index.php\/wp-json\/wp\/v2\/product_tag?post=1144"}],"curies":[{"name":"wp","href":"https:\/\/api.w.org\/{rel}","templated":true}]}}