{"id":1535,"date":"2024-01-09T15:30:14","date_gmt":"2024-01-09T18:30:14","guid":{"rendered":"https:\/\/cientificaaxon.com\/?post_type=product&#038;p=1535"},"modified":"2024-01-09T15:30:44","modified_gmt":"2024-01-09T18:30:44","slug":"mopa-de-barrido-alg-x-80cm","status":"publish","type":"product","link":"https:\/\/cientificaaxon.com\/index.php\/producto\/mopa-de-barrido-alg-x-80cm\/","title":{"rendered":"Mopa de barrido Alg. x 80cm"},"content":{"rendered":"<p>Funda de tela algod\u00f3n y ribetes azules muy fuertes que le confiere una alta duraci\u00f3n.<br \/>\nEl hilado es 100% acril\u00edco y crea por s\u00ed solo est\u00e1tica a la cual el polvo se adhiere.<br \/>\nLa medida de ancho es tipo americana y se combina con armazones tanto de hierro como de pl\u00e1stico de l\u00ednea PRO.<br \/>\nUso: secuestrado y barrido del polvo mediante una acci\u00f3n r\u00e1pida.<\/p>\n","protected":false},"excerpt":{"rendered":"<p>Funda de tela algod\u00f3n y ribetes azules muy fuertes que le confiere una alta duraci\u00f3n. El hilado es 100% acril\u00edco y crea por s\u00ed solo est\u00e1tica a la cual el polvo se adhiere. La medida de ancho es tipo americana y se combina con armazones tanto de hierro como de pl\u00e1stico de l\u00ednea PRO. Uso: [&hellip;]<\/p>\n","protected":false},"featured_media":1531,"template":"","meta":{"_joinchat":[]},"product_brand":[],"product_cat":[31,32],"product_tag":[120],"class_list":{"0":"post-1535","1":"product","2":"type-product","3":"status-publish","4":"has-post-thumbnail","6":"product_cat-herramientas-profesionales","7":"product_cat-mopa-para-barrido","8":"product_tag-barredor","10":"first","11":"instock","12":"shipping-taxable","13":"product-type-simple"},"_links":{"self":[{"href":"https:\/\/cientificaaxon.com\/index.php\/wp-json\/wp\/v2\/product\/1535","targetHints":{"allow":["GET"]}}],"collection":[{"href":"https:\/\/cientificaaxon.com\/index.php\/wp-json\/wp\/v2\/product"}],"about":[{"href":"https:\/\/cientificaaxon.com\/index.php\/wp-json\/wp\/v2\/types\/product"}],"version-history":[{"count":1,"href":"https:\/\/cientificaaxon.com\/index.php\/wp-json\/wp\/v2\/product\/1535\/revisions"}],"predecessor-version":[{"id":1536,"href":"https:\/\/cientificaaxon.com\/index.php\/wp-json\/wp\/v2\/product\/1535\/revisions\/1536"}],"wp:featuredmedia":[{"embeddable":true,"href":"https:\/\/cientificaaxon.com\/index.php\/wp-json\/wp\/v2\/media\/1531"}],"wp:attachment":[{"href":"https:\/\/cientificaaxon.com\/index.php\/wp-json\/wp\/v2\/media?parent=1535"}],"wp:term":[{"taxonomy":"product_brand","embeddable":true,"href":"https:\/\/cientificaaxon.com\/index.php\/wp-json\/wp\/v2\/product_brand?post=1535"},{"taxonomy":"product_cat","embeddable":true,"href":"https:\/\/cientificaaxon.com\/index.php\/wp-json\/wp\/v2\/product_cat?post=1535"},{"taxonomy":"product_tag","embeddable":true,"href":"https:\/\/cientificaaxon.com\/index.php\/wp-json\/wp\/v2\/product_tag?post=1535"}],"curies":[{"name":"wp","href":"https:\/\/api.w.org\/{rel}","templated":true}]}}