{"id":2182,"date":"2024-03-12T12:08:07","date_gmt":"2024-03-12T15:08:07","guid":{"rendered":"https:\/\/cientificaaxon.com\/?post_type=product&#038;p=2182"},"modified":"2025-08-12T09:54:59","modified_gmt":"2025-08-12T12:54:59","slug":"cera-acrilica-acril-ax-5l","status":"publish","type":"product","link":"https:\/\/cientificaaxon.com\/index.php\/producto\/cera-acrilica-acril-ax-5l\/","title":{"rendered":"Cera Acrilica Acril-Ax 5L"},"content":{"rendered":"<div class=\"primary_block row\">\n<div class=\"pb-right-column col-xs-12 col-sm-5 col-md-5 hide_stars\">\n<div class=\"pb-center-column\">\n<div id=\"short_description_block\">\n<div id=\"short_description_content\" class=\"rte align_justify\">\n<p>Producto que realza el aspecto de los pisos, otorg\u00e1ndoles un brillo profundo, intenso y un acabado que se asemeja al efecto de \u201csuperficie mojada\u201d. Su base acuosa posibilita ser aplicada sobre pisos de cemento, lin\u00f3leos,cer\u00e1micos, gran\u00edticos, etc. Permite el relustrado exclusivamente con m\u00e1quinas de alta velocidad (1500 rpm). Los componentes garantizan una mayor duraci\u00f3n del sistema acr\u00edlico con un mantenimiento sencillo, haciendo de esta cera un producto ideal para superficies expuestas al alto transito. Posee un buen poder antideslizante. Se recomienda especialmente para aquellos locales con servicio de mantenimiento continuo.<\/p>\n<\/div>\n<\/div>\n<\/div>\n<ul id=\"usefull_link_block\" class=\"clearfix no-print\"><\/ul>\n<\/div>\n<\/div>\n<div class=\"sections\">\n<div class=\"sections-titles\">\n<p><strong>INSTRUCCIONES DE USO<\/strong><br \/>\nPreviamente a la aplicaci\u00f3n de cera, debe verificarse el estado de los pisos.<br \/>\n\u2022 Pisos nuevos: Aplique una mano de Sellador Acr\u00edlico. Pasados 30 minutos, repita la<br \/>\noperaci\u00f3n. Luego aplique entre dos y tres manos de cera, dejando secar 20 minutos entre mano y<br \/>\nmano.<br \/>\n\u2022 Superficies ya enceradas: Elimine las capas de cera acumuladas con el Removedor de Ceras Axon. Luego, aplique dos manos de Sellador. Deje secar 30 minutos.<br \/>\nFinalmente, aplique entre dos y tres manos de cera, mediante trapo o mopa. Entre mano y mano, deje<br \/>\nsecar durante veinte minutos.<\/p>\n<p><strong>Rendimiento puro:<\/strong> 45 m2\/lt.<\/p>\n<p><strong>Descargar Ficha Tecnica:\u00a0<\/strong><a href=\"https:\/\/cientificaaxon.com\/wp-content\/uploads\/2024\/03\/CERA-ACRILICA-ACRIL-AX.pdf\">CERA ACRILICA ACRIL-AX<\/a><\/p>\n<\/div>\n<\/div>\n","protected":false},"excerpt":{"rendered":"<p>La Cera Acr\u00edlica Axon es un excelente producto que realza el aspecto de los pisos, otorg\u00e1ndoles un brillo profundo, intenso y un acabado que se asemeja al efecto de \u201csuperficie mojada\u201d. Su base acuosa posibilita ser aplicada sobre pisos de cemento, lin\u00f3leums, cer\u00e1micos, gran\u00edticos, etc. Permite el relustrado exclusivamente con m\u00e1quinas de alta velocidad ( 2000 rpm ). Posee un buen poder antideslizante. Se recomienda especialmente para aquellos locales con servicio de mantenimiento continuo.<\/p>\n","protected":false},"featured_media":169,"template":"","meta":{"_joinchat":[]},"product_brand":[],"product_cat":[28],"product_tag":[],"class_list":{"0":"post-2182","1":"product","2":"type-product","3":"status-publish","4":"has-post-thumbnail","6":"product_cat-mantenimiento-de-pisos","8":"first","9":"instock","10":"shipping-taxable","11":"product-type-simple"},"_links":{"self":[{"href":"https:\/\/cientificaaxon.com\/index.php\/wp-json\/wp\/v2\/product\/2182","targetHints":{"allow":["GET"]}}],"collection":[{"href":"https:\/\/cientificaaxon.com\/index.php\/wp-json\/wp\/v2\/product"}],"about":[{"href":"https:\/\/cientificaaxon.com\/index.php\/wp-json\/wp\/v2\/types\/product"}],"version-history":[{"count":3,"href":"https:\/\/cientificaaxon.com\/index.php\/wp-json\/wp\/v2\/product\/2182\/revisions"}],"predecessor-version":[{"id":3223,"href":"https:\/\/cientificaaxon.com\/index.php\/wp-json\/wp\/v2\/product\/2182\/revisions\/3223"}],"wp:featuredmedia":[{"embeddable":true,"href":"https:\/\/cientificaaxon.com\/index.php\/wp-json\/wp\/v2\/media\/169"}],"wp:attachment":[{"href":"https:\/\/cientificaaxon.com\/index.php\/wp-json\/wp\/v2\/media?parent=2182"}],"wp:term":[{"taxonomy":"product_brand","embeddable":true,"href":"https:\/\/cientificaaxon.com\/index.php\/wp-json\/wp\/v2\/product_brand?post=2182"},{"taxonomy":"product_cat","embeddable":true,"href":"https:\/\/cientificaaxon.com\/index.php\/wp-json\/wp\/v2\/product_cat?post=2182"},{"taxonomy":"product_tag","embeddable":true,"href":"https:\/\/cientificaaxon.com\/index.php\/wp-json\/wp\/v2\/product_tag?post=2182"}],"curies":[{"name":"wp","href":"https:\/\/api.w.org\/{rel}","templated":true}]}}