{"id":641,"date":"2023-11-16T11:21:34","date_gmt":"2023-11-16T14:21:34","guid":{"rendered":"https:\/\/cientificaaxon.com\/?post_type=product&#038;p=641"},"modified":"2025-08-12T09:29:59","modified_gmt":"2025-08-12T12:29:59","slug":"detergente-std-x-5-l","status":"publish","type":"product","link":"https:\/\/cientificaaxon.com\/index.php\/producto\/detergente-std-x-5-l\/","title":{"rendered":"Detergente Std x 5 L"},"content":{"rendered":"<p>El Detergente Axon es un auxiliar imprescindible en la limpieza de vajilla y dem\u00e1s implementos de cocina. Su excelente poder emulsificante y secuestrante de restos grasos y aceitosos permite una limpieza r\u00e1pida y profunda. Este producto contiene en su formulaci\u00f3n glicerina, la cual act\u00faa como agente protector evitando da\u00f1os a la piel.<\/p>\n<p><strong>Descargar Ficha Tecnica:\u00a0<\/strong><a href=\"https:\/\/cientificaaxon.com\/wp-content\/uploads\/2024\/11\/DETERGENTE-STD.pdf\">DETERGENTE STD<\/a><\/p>\n<p>&nbsp;<\/p>\n","protected":false},"excerpt":{"rendered":"<p>El Detergente Axon es un auxiliar imprescindible en la limpieza de vajilla y dem\u00e1s implementos de cocina. Su excelente poder emulsificante y secuestrante de restos grasos y aceitosos permite una limpieza r\u00e1pida y profunda. Este producto contiene en su formulaci\u00f3n glicerina, la cual act\u00faa como agente protector evitando da\u00f1os a la piel. Descargar Ficha Tecnica:\u00a0DETERGENTE [&hellip;]<\/p>\n","protected":false},"featured_media":642,"template":"","meta":{"_joinchat":[]},"product_brand":[],"product_cat":[45,35],"product_tag":[112],"class_list":{"0":"post-641","1":"product","2":"type-product","3":"status-publish","4":"has-post-thumbnail","6":"product_cat-lavavajillas","7":"product_cat-quimicos","8":"product_tag-detergente","10":"first","11":"instock","12":"shipping-taxable","13":"product-type-simple"},"_links":{"self":[{"href":"https:\/\/cientificaaxon.com\/index.php\/wp-json\/wp\/v2\/product\/641","targetHints":{"allow":["GET"]}}],"collection":[{"href":"https:\/\/cientificaaxon.com\/index.php\/wp-json\/wp\/v2\/product"}],"about":[{"href":"https:\/\/cientificaaxon.com\/index.php\/wp-json\/wp\/v2\/types\/product"}],"version-history":[{"count":2,"href":"https:\/\/cientificaaxon.com\/index.php\/wp-json\/wp\/v2\/product\/641\/revisions"}],"predecessor-version":[{"id":3186,"href":"https:\/\/cientificaaxon.com\/index.php\/wp-json\/wp\/v2\/product\/641\/revisions\/3186"}],"wp:featuredmedia":[{"embeddable":true,"href":"https:\/\/cientificaaxon.com\/index.php\/wp-json\/wp\/v2\/media\/642"}],"wp:attachment":[{"href":"https:\/\/cientificaaxon.com\/index.php\/wp-json\/wp\/v2\/media?parent=641"}],"wp:term":[{"taxonomy":"product_brand","embeddable":true,"href":"https:\/\/cientificaaxon.com\/index.php\/wp-json\/wp\/v2\/product_brand?post=641"},{"taxonomy":"product_cat","embeddable":true,"href":"https:\/\/cientificaaxon.com\/index.php\/wp-json\/wp\/v2\/product_cat?post=641"},{"taxonomy":"product_tag","embeddable":true,"href":"https:\/\/cientificaaxon.com\/index.php\/wp-json\/wp\/v2\/product_tag?post=641"}],"curies":[{"name":"wp","href":"https:\/\/api.w.org\/{rel}","templated":true}]}}