{"id":756,"date":"2023-11-21T15:48:19","date_gmt":"2023-11-21T18:48:19","guid":{"rendered":"https:\/\/cientificaaxon.com\/?post_type=product&#038;p=756"},"modified":"2025-08-12T09:35:36","modified_gmt":"2025-08-12T12:35:36","slug":"detergente-liquido-baja-espuma-ariel-eco-x-5-lts","status":"publish","type":"product","link":"https:\/\/cientificaaxon.com\/index.php\/producto\/detergente-liquido-baja-espuma-ariel-eco-x-5-lts\/","title":{"rendered":"Baja Espuma Ariel ECO x 5 L"},"content":{"rendered":"<p>Unico con blanqueador, jabon l\u00edquido concentrado para lavar ropa blanca y de color. Su f\u00f3rmula l\u00edquida contiene una alta concentraci\u00f3n de ingredientes activos que penetran profundamente en las fibras al pre tratar, removiendo manchas y cuidando tu ropa. Esto gracias a que est\u00e1 dise\u00f1ado con tecnolog\u00edas espec\u00edficas que ayudan a remover efectivamente manchas comunes y dif\u00edciles, y que a su vez son mucho m\u00e1s sutiles con las fibras de tus prendas que detergentes en polvo regulares.<\/p>\n<ul>\n<li>Remueve manchas dif\u00edciles.<\/li>\n<li>Ayuda a prevenir signos de desgaste.<\/li>\n<li>No deja residuos visibles en las telas.<\/li>\n<li>Puede pre-tratar manchas.<\/li>\n<\/ul>\n<p><strong>Descargar Ficha Tecnica:\u00a0<\/strong><a href=\"https:\/\/cientificaaxon.com\/wp-content\/uploads\/2024\/11\/JABON-BAJA-ESPUMA-ROPA.pdf\">JABON BAJA ESPUMA ROPA<\/a><\/p>\n","protected":false},"excerpt":{"rendered":"<p>Unico con blanqueador, jabon l\u00edquido concentrado para lavar ropa blanca y de color. Su f\u00f3rmula l\u00edquida contiene una alta concentraci\u00f3n de ingredientes activos que penetran profundamente en las fibras al pre tratar, removiendo manchas y cuidando tu ropa. Esto gracias a que est\u00e1 dise\u00f1ado con tecnolog\u00edas espec\u00edficas que ayudan a remover efectivamente manchas comunes y [&hellip;]<\/p>\n","protected":false},"featured_media":757,"template":"","meta":{"_joinchat":[]},"product_brand":[],"product_cat":[113,35],"product_tag":[112,163],"class_list":{"0":"post-756","1":"product","2":"type-product","3":"status-publish","4":"has-post-thumbnail","6":"product_cat-lavado-de-ropa","7":"product_cat-quimicos","8":"product_tag-detergente","9":"product_tag-jabon","11":"first","12":"instock","13":"shipping-taxable","14":"product-type-simple"},"_links":{"self":[{"href":"https:\/\/cientificaaxon.com\/index.php\/wp-json\/wp\/v2\/product\/756","targetHints":{"allow":["GET"]}}],"collection":[{"href":"https:\/\/cientificaaxon.com\/index.php\/wp-json\/wp\/v2\/product"}],"about":[{"href":"https:\/\/cientificaaxon.com\/index.php\/wp-json\/wp\/v2\/types\/product"}],"version-history":[{"count":5,"href":"https:\/\/cientificaaxon.com\/index.php\/wp-json\/wp\/v2\/product\/756\/revisions"}],"predecessor-version":[{"id":3205,"href":"https:\/\/cientificaaxon.com\/index.php\/wp-json\/wp\/v2\/product\/756\/revisions\/3205"}],"wp:featuredmedia":[{"embeddable":true,"href":"https:\/\/cientificaaxon.com\/index.php\/wp-json\/wp\/v2\/media\/757"}],"wp:attachment":[{"href":"https:\/\/cientificaaxon.com\/index.php\/wp-json\/wp\/v2\/media?parent=756"}],"wp:term":[{"taxonomy":"product_brand","embeddable":true,"href":"https:\/\/cientificaaxon.com\/index.php\/wp-json\/wp\/v2\/product_brand?post=756"},{"taxonomy":"product_cat","embeddable":true,"href":"https:\/\/cientificaaxon.com\/index.php\/wp-json\/wp\/v2\/product_cat?post=756"},{"taxonomy":"product_tag","embeddable":true,"href":"https:\/\/cientificaaxon.com\/index.php\/wp-json\/wp\/v2\/product_tag?post=756"}],"curies":[{"name":"wp","href":"https:\/\/api.w.org\/{rel}","templated":true}]}}