{"id":794,"date":"2023-11-21T16:14:46","date_gmt":"2023-11-21T19:14:46","guid":{"rendered":"https:\/\/cientificaaxon.com\/?post_type=product&#038;p=794"},"modified":"2025-08-12T09:29:37","modified_gmt":"2025-08-12T12:29:37","slug":"detergente-concentrado-al-30-x-5-l-copia","status":"publish","type":"product","link":"https:\/\/cientificaaxon.com\/index.php\/producto\/detergente-concentrado-al-30-x-5-l-copia\/","title":{"rendered":"Detergente 30% x 5 L"},"content":{"rendered":"<p>El Detergente de Maxima concentracion Axon es un auxiliar imprescindible en la limpieza de vajilla y dem\u00e1s implementos de cocina. Su excelente poder emulsificante y secuestrante de restos grasos y aceitosos permite una limpieza r\u00e1pida y profunda. Este producto contiene en su formulaci\u00f3n glicerina, la cual act\u00faa como agente protector evitando da\u00f1os a la piel. Por su elevado nivel de diluci\u00f3n, Lavavajillas Axon es un detergente sumamente econ\u00f3mico.<\/p>\n<p><strong>Descargar Ficha Tecnica:\u00a0<\/strong><a href=\"https:\/\/cientificaaxon.com\/wp-content\/uploads\/2024\/11\/DETERGENTE-30.pdf\">DETERGENTE 30%<\/a><\/p>\n<p>&nbsp;<\/p>\n","protected":false},"excerpt":{"rendered":"<p>El Detergente de Maxima concentracion Axon es un auxiliar imprescindible en la limpieza de vajilla y dem\u00e1s implementos de cocina. Su excelente poder emulsificante y secuestrante de restos grasos y aceitosos permite una limpieza r\u00e1pida y profunda. Este producto contiene en su formulaci\u00f3n glicerina, la cual act\u00faa como agente protector evitando da\u00f1os a la piel. [&hellip;]<\/p>\n","protected":false},"featured_media":642,"template":"","meta":{"_joinchat":[]},"product_brand":[],"product_cat":[45,35],"product_tag":[112],"class_list":{"0":"post-794","1":"product","2":"type-product","3":"status-publish","4":"has-post-thumbnail","6":"product_cat-lavavajillas","7":"product_cat-quimicos","8":"product_tag-detergente","10":"first","11":"instock","12":"shipping-taxable","13":"product-type-simple"},"_links":{"self":[{"href":"https:\/\/cientificaaxon.com\/index.php\/wp-json\/wp\/v2\/product\/794","targetHints":{"allow":["GET"]}}],"collection":[{"href":"https:\/\/cientificaaxon.com\/index.php\/wp-json\/wp\/v2\/product"}],"about":[{"href":"https:\/\/cientificaaxon.com\/index.php\/wp-json\/wp\/v2\/types\/product"}],"version-history":[{"count":4,"href":"https:\/\/cientificaaxon.com\/index.php\/wp-json\/wp\/v2\/product\/794\/revisions"}],"predecessor-version":[{"id":3184,"href":"https:\/\/cientificaaxon.com\/index.php\/wp-json\/wp\/v2\/product\/794\/revisions\/3184"}],"wp:featuredmedia":[{"embeddable":true,"href":"https:\/\/cientificaaxon.com\/index.php\/wp-json\/wp\/v2\/media\/642"}],"wp:attachment":[{"href":"https:\/\/cientificaaxon.com\/index.php\/wp-json\/wp\/v2\/media?parent=794"}],"wp:term":[{"taxonomy":"product_brand","embeddable":true,"href":"https:\/\/cientificaaxon.com\/index.php\/wp-json\/wp\/v2\/product_brand?post=794"},{"taxonomy":"product_cat","embeddable":true,"href":"https:\/\/cientificaaxon.com\/index.php\/wp-json\/wp\/v2\/product_cat?post=794"},{"taxonomy":"product_tag","embeddable":true,"href":"https:\/\/cientificaaxon.com\/index.php\/wp-json\/wp\/v2\/product_tag?post=794"}],"curies":[{"name":"wp","href":"https:\/\/api.w.org\/{rel}","templated":true}]}}